{"id":8121,"date":"2018-10-22T13:45:00","date_gmt":"2018-10-22T12:45:00","guid":{"rendered":"https:\/\/devinspectbv.w247.be\/a-propos-de-nous\/"},"modified":"2025-04-28T13:46:33","modified_gmt":"2025-04-28T12:46:33","slug":"a-propos-de-nous","status":"publish","type":"page","link":"https:\/\/inspectbv.be\/fr\/a-propos-de-nous\/","title":{"rendered":"A propos de nous"},"content":{"rendered":"<div class=\"wpb-content-wrapper\"><p>[vc_row full_width=&#8221;stretch_row&#8221; css=&#8221;.vc_custom_1734449930639{background-color: #FFFFFF !important;border-color: #FFFFFF !important;}&#8221;][vc_column][vc_row_inner css=&#8221;.vc_custom_1513720913586{padding-top: 100px !important;padding-right: 100px !important;padding-bottom: 80px !important;padding-left: 100px !important;}&#8221;][vc_column_inner width=&#8221;1\/2&#8243; css=&#8221;.vc_custom_1541584818078{padding-right: 20px !important;}&#8221;]<header class=\"kd-section-title col-lg-12 text-left  kd-animated fadeIn   vc_custom_1744369958241\" data-animation-delay=200><h2 class=\"separator_off\" >Qui sommes-nous ?<\/h2><h6 class=\"subtitle \" >INSPECT est une petite soci\u00e9t\u00e9 de recherche sp\u00e9cialis\u00e9e dans les essais de mat\u00e9riaux pour la pierre naturelle, la brique, le mortier et la ma\u00e7onnerie. Nous combinons l&#039;exp\u00e9rience pratique avec des analyses scientifiques, tant sur le terrain qu&#039;en laboratoire - en collaboration avec l&#039;UGent, l&#039;UAntwerpen et notre laboratoire interne en phase de d\u00e9marrage. <\/h6><\/header>[vc_column_text css=&#8221;&#8221;]Gr\u00e2ce \u00e0 notre exp\u00e9rience en g\u00e9ologie, en patrimoine et en architecture, nous cartographions de mani\u00e8re r\u00e9fl\u00e9chie les dommages, les propri\u00e9t\u00e9s des mat\u00e9riaux et la pathologie des b\u00e2timents. Nous pensons avec vous, nous travaillons sur mesure et nous nous effor\u00e7ons d&#8217;obtenir des conseils durables qui respectent le caract\u00e8re et l&#8217;avenir de chaque b\u00e2timent.[\/vc_column_text][vc_empty_space height=&#8221;20px&#8221;][\/vc_column_inner][vc_column_inner width=&#8221;1\/2&#8243; css=&#8221;.vc_custom_1541584821670{padding-left: 20px !important;}&#8221;][vc_single_image image=&#8221;7988&#8243; img_size=&#8221;600&#215;405&#8243; alignment=&#8221;center&#8221; css_animation=&#8221;fadeIn&#8221; css=&#8221;.vc_custom_1744370100825{padding-left: 20px !important;}&#8221;][vc_empty_space height=&#8221;40px&#8221;][\/vc_column_inner][\/vc_row_inner][\/vc_column][\/vc_row][vc_row full_width=&#8221;stretch_row&#8221; css=&#8221;.vc_custom_1734449968907{padding-top: 100px !important;padding-bottom: 100px !important;background-color: #F7F7F7 !important;border-color: #F7F7F7 !important;}&#8221;][vc_column css=&#8221;.vc_custom_1515753185470{padding-right: 0px !important;padding-left: 0px !important;}&#8221;][vc_row_inner][vc_column_inner]<header class=\"kd-section-title vc_col-lg-6 vc_col-sm-8 text-center  kd-animated fadeIn   vc_custom_1733930490950\" data-animation-delay=200><h2 class=\"separator_off\" >L&#039;\u00e9quipe<\/h2><\/header>[\/vc_column_inner][\/vc_row_inner][vc_row_inner][vc_column_inner width=&#8221;1\/4&#8243;][\/vc_column_inner][vc_column_inner width=&#8221;1\/4&#8243;]<div class=\"team-member design-classic   enable-contact-effect\" >\r\n                    <div class=\"team-content\">\r\n                        <div class=\"team-image-overlay\"><\/div>\r\n                        <div class=\"team-image\"><img loading=\"lazy\" decoding=\"async\" width=\"400\" height=\"400\" src=\"https:\/\/inspectbv.be\/wp-content\/uploads\/2024\/12\/Tim-De-Kock.jpeg\" class=\"attachment-full\" alt=\"\" title=\"Tim De Kock\" srcset=\"https:\/\/inspectbv.be\/wp-content\/uploads\/2024\/12\/Tim-De-Kock.jpeg 400w, https:\/\/inspectbv.be\/wp-content\/uploads\/2024\/12\/Tim-De-Kock-300x300.jpeg 300w, https:\/\/inspectbv.be\/wp-content\/uploads\/2024\/12\/Tim-De-Kock-150x150.jpeg 150w, https:\/\/inspectbv.be\/wp-content\/uploads\/2024\/12\/Tim-De-Kock-320x320.jpeg 320w\" sizes=\"auto, (max-width: 400px) 100vw, 400px\" \/><\/div>\r\n                        <div class=\"team-content-text\" >\r\n                        <div class=\"team-content-text-inner\">\r\n                        <h5 >Tim De Kock<\/h5>\r\n                        <span class=\"team-subtitle\" >Directeur g\u00e9n\u00e9ral<\/span>\r\n                        <p >Le Dr Tim De Kock a r\u00e9dig\u00e9 un doctorat sur les propri\u00e9t\u00e9s et les mat\u00e9riaux de substitution...<\/p><\/div><div class=\"team-socials\"><a href=\"https:\/\/www.linkedin.com\/in\/tim-de-kock-98451521\/\" target=\"_blank\"><span class=\"fab fa-linkedin-in\" ><\/span><\/a><\/div><\/div>\r\n                    <\/div>\r\n                <\/div>[\/vc_column_inner][vc_column_inner width=&#8221;1\/4&#8243;]<div class=\"team-member design-classic   enable-contact-effect\" >\r\n                    <div class=\"team-content\">\r\n                        <div class=\"team-image-overlay\"><\/div>\r\n                        <div class=\"team-image\"><img loading=\"lazy\" decoding=\"async\" width=\"1812\" height=\"1808\" src=\"https:\/\/inspectbv.be\/wp-content\/uploads\/2025\/04\/MC2_thumbnail_IMG_8505.jpg\" class=\"attachment-full\" alt=\"\" title=\"MC2_thumbnail_IMG_8505\" srcset=\"https:\/\/inspectbv.be\/wp-content\/uploads\/2025\/04\/MC2_thumbnail_IMG_8505.jpg 1812w, https:\/\/inspectbv.be\/wp-content\/uploads\/2025\/04\/MC2_thumbnail_IMG_8505-300x300.jpg 300w, https:\/\/inspectbv.be\/wp-content\/uploads\/2025\/04\/MC2_thumbnail_IMG_8505-1024x1022.jpg 1024w, https:\/\/inspectbv.be\/wp-content\/uploads\/2025\/04\/MC2_thumbnail_IMG_8505-150x150.jpg 150w, https:\/\/inspectbv.be\/wp-content\/uploads\/2025\/04\/MC2_thumbnail_IMG_8505-768x766.jpg 768w, https:\/\/inspectbv.be\/wp-content\/uploads\/2025\/04\/MC2_thumbnail_IMG_8505-1536x1533.jpg 1536w, https:\/\/inspectbv.be\/wp-content\/uploads\/2025\/04\/MC2_thumbnail_IMG_8505-320x320.jpg 320w, https:\/\/inspectbv.be\/wp-content\/uploads\/2025\/04\/MC2_thumbnail_IMG_8505-800x798.jpg 800w\" sizes=\"auto, (max-width: 1812px) 100vw, 1812px\" \/><\/div>\r\n                        <div class=\"team-content-text\" >\r\n                        <div class=\"team-content-text-inner\">\r\n                        <h5 >Mathieu Ceuterick<\/h5>\r\n                        <span class=\"team-subtitle\" >Employ\u00e9s R&amp;D H\u00e9ritage<\/span>\r\n                        <p >Master of Science - \u00c9tudes du patrimoine.<\/p><\/div><div class=\"team-socials\"><a href=\"https:\/\/www.linkedin.com\/in\/mathieu-ceuterick-030135143\" target=\"_blank\"><span class=\"fab fa-linkedin-in\" ><\/span><\/a><\/div><\/div>\r\n                    <\/div>\r\n                <\/div>[\/vc_column_inner][vc_column_inner width=&#8221;1\/4&#8243;][\/vc_column_inner][\/vc_row_inner][\/vc_column][\/vc_row][vc_row full_width=&#8221;stretch_row&#8221; css=&#8221;.vc_custom_1744378334899{padding-top: 150px !important;padding-bottom: 150px !important;}&#8221;][vc_column css=&#8221;.vc_custom_1743769626446{padding-right: 0px !important;padding-left: 0px !important;}&#8221;]<header class=\"kd-section-title col-lg-12 text-center    \" ><h2 class=\"separator_off\" >Pourquoi choisir INSPECT ?<\/h2><\/header>[vc_row_inner css=&#8221;.vc_custom_1511348417220{padding-top: 100px !important;padding-bottom: 100px !important;}&#8221;][vc_column_inner width=&#8221;1\/3&#8243; css=&#8221;.vc_custom_1516008242154{padding-right: 0px !important;padding-left: 0px !important;}&#8221;]<div class=\"key-icon-box icon-default icon-top cont-left ib-hover-2  kd-animated fadeInUp\" style=\"background-color: transparent;\" ><div class=\"ib-wrapper\"><i class=\"iconsmind-Puzzle iconsmind-Objects\" style=\" \"><\/i> <h6 class=\"service-heading\" >Une approche r\u00e9fl\u00e9chie<\/h6><p >Nous \u00e9laborons avec soin un programme de recherche adapt\u00e9 \u00e0 la phase et \u00e0 la nature du projet : de l&#039;\u00e9tude des mat\u00e9riaux avant la construction ou la restauration, \u00e0 l&#039;analyse des dommages et au suivi \u00e0 plus long terme.<\/p><\/div><\/div>[\/vc_column_inner][vc_column_inner width=&#8221;1\/3&#8243; css=&#8221;.vc_custom_1516008258067{padding-right: 0px !important;padding-left: 0px !important;}&#8221;]<div class=\"key-icon-box icon-default icon-top cont-left ib-hover-2  kd-animated fadeInUp\" style=\"background-color: transparent;\" data-animation-delay=200><div class=\"ib-wrapper\"><i class=\"iconsmind-Speach-Bubble iconsmind-Speech-Bubbles\" style=\" \"><\/i> <h6 class=\"service-heading\" >Une communication claire<\/h6><p >Nos r\u00e9sultats sont bas\u00e9s sur des travaux scientifiques solides, mais nous traduisons ces connaissances de mani\u00e8re claire et compr\u00e9hensible, sans jargon inutile.<\/p><\/div><\/div>[\/vc_column_inner][vc_column_inner width=&#8221;1\/3&#8243; css=&#8221;.vc_custom_1516008267378{padding-right: 0px !important;padding-left: 0px !important;}&#8221;]<div class=\"key-icon-box icon-default icon-top cont-left ib-hover-2  kd-animated fadeInUp\" style=\"background-color: transparent;\" data-animation-delay=400><div class=\"ib-wrapper\"><i class=\"fas fa-toolbox\" style=\" \"><\/i> <h6 class=\"service-heading\" >Flexible et adapt\u00e9 \u00e0 la pratique<\/h6><p >Nous travaillons efficacement et en tenant compte de la r\u00e9alit\u00e9 du terrain, toujours en fonction des questions sp\u00e9cifiques et du contexte du b\u00e2timent.<\/p><\/div><\/div>[\/vc_column_inner][\/vc_row_inner][\/vc_column][\/vc_row]<\/p>\n<\/div>","protected":false},"excerpt":{"rendered":"<p>[vc_row full_width=&#8221;stretch_row&#8221; css=&#8221;.vc_custom_1734449930639{background-color: #FFFFFF !important;border-color: #FFFFFF !important;}&#8221;][vc_column][vc_row_inner css=&#8221;.vc_custom_1513720913586{padding-top: 100px !important;padding-right: 100px !important;padding-bottom: 80px !important;padding-left: 100px !important;}&#8221;][vc_column_inner width=&#8221;1\/2&#8243; css=&#8221;.vc_custom_1541584818078{padding-right: 20px !important;}&#8221;][vc_column_text [&hellip;]<\/p>\n","protected":false},"author":1,"featured_media":0,"parent":0,"menu_order":0,"comment_status":"closed","ping_status":"closed","template":"","meta":{"footnotes":""},"class_list":["post-8121","page","type-page","status-publish","hentry"],"yoast_head":"<!-- This site is optimized with the Yoast SEO plugin v25.3 - https:\/\/yoast.com\/wordpress\/plugins\/seo\/ -->\n<title>\u00c0 propos de nous - Inspect BV<\/title>\n<meta name=\"description\" content=\"Vous souhaitez en savoir plus sur nos services d&#039;essais de mat\u00e9riaux ? Lisez plus ou contactez-nous sans engagement pour votre projet.\" \/>\n<meta name=\"robots\" content=\"index, follow, max-snippet:-1, max-image-preview:large, max-video-preview:-1\" \/>\n<link rel=\"canonical\" href=\"https:\/\/inspectbv.be\/fr\/a-propos-de-nous\/\" \/>\n<meta property=\"og:locale\" content=\"fr_FR\" \/>\n<meta property=\"og:type\" content=\"article\" \/>\n<meta property=\"og:title\" content=\"\u00c0 propos de nous - Inspect BV\" \/>\n<meta property=\"og:description\" content=\"Vous souhaitez en savoir plus sur nos services d&#039;essais de mat\u00e9riaux ? Lisez plus ou contactez-nous sans engagement pour votre projet.\" \/>\n<meta property=\"og:url\" content=\"https:\/\/inspectbv.be\/fr\/a-propos-de-nous\/\" \/>\n<meta property=\"og:site_name\" content=\"Inspect BV\" \/>\n<meta property=\"article:modified_time\" content=\"2025-04-28T12:46:33+00:00\" \/>\n<meta name=\"twitter:card\" content=\"summary_large_image\" \/>\n<meta name=\"twitter:label1\" content=\"Dur\u00e9e de lecture estim\u00e9e\" \/>\n\t<meta name=\"twitter:data1\" content=\"4 minutes\" \/>\n<script type=\"application\/ld+json\" class=\"yoast-schema-graph\">{\"@context\":\"https:\/\/schema.org\",\"@graph\":[{\"@type\":\"WebPage\",\"@id\":\"https:\/\/inspectbv.be\/fr\/a-propos-de-nous\/\",\"url\":\"https:\/\/inspectbv.be\/fr\/a-propos-de-nous\/\",\"name\":\"\u00c0 propos de nous - Inspect BV\",\"isPartOf\":{\"@id\":\"https:\/\/inspectbv.be\/fr\/#website\"},\"datePublished\":\"2018-10-22T12:45:00+00:00\",\"dateModified\":\"2025-04-28T12:46:33+00:00\",\"description\":\"Vous souhaitez en savoir plus sur nos services d'essais de mat\u00e9riaux ? Lisez plus ou contactez-nous sans engagement pour votre projet.\",\"breadcrumb\":{\"@id\":\"https:\/\/inspectbv.be\/fr\/a-propos-de-nous\/#breadcrumb\"},\"inLanguage\":\"fr-FR\",\"potentialAction\":[{\"@type\":\"ReadAction\",\"target\":[\"https:\/\/inspectbv.be\/fr\/a-propos-de-nous\/\"]}]},{\"@type\":\"BreadcrumbList\",\"@id\":\"https:\/\/inspectbv.be\/fr\/a-propos-de-nous\/#breadcrumb\",\"itemListElement\":[{\"@type\":\"ListItem\",\"position\":1,\"name\":\"Home\",\"item\":\"https:\/\/inspectbv.be\/fr\/\"},{\"@type\":\"ListItem\",\"position\":2,\"name\":\"A propos de nous\"}]},{\"@type\":\"WebSite\",\"@id\":\"https:\/\/inspectbv.be\/fr\/#website\",\"url\":\"https:\/\/inspectbv.be\/fr\/\",\"name\":\"Inspect BV\",\"description\":\"INSPECT Studiebureau bouwfysica en materiaaltechnisch onderzoek\",\"publisher\":{\"@id\":\"https:\/\/inspectbv.be\/fr\/#organization\"},\"potentialAction\":[{\"@type\":\"SearchAction\",\"target\":{\"@type\":\"EntryPoint\",\"urlTemplate\":\"https:\/\/inspectbv.be\/fr\/?s={search_term_string}\"},\"query-input\":{\"@type\":\"PropertyValueSpecification\",\"valueRequired\":true,\"valueName\":\"search_term_string\"}}],\"inLanguage\":\"fr-FR\"},{\"@type\":\"Organization\",\"@id\":\"https:\/\/inspectbv.be\/fr\/#organization\",\"name\":\"Inspect BV\",\"url\":\"https:\/\/inspectbv.be\/fr\/\",\"logo\":{\"@type\":\"ImageObject\",\"inLanguage\":\"fr-FR\",\"@id\":\"https:\/\/inspectbv.be\/fr\/#\/schema\/logo\/image\/\",\"url\":\"https:\/\/inspectbv.be\/wp-content\/uploads\/2025\/08\/Afbeelding1.png\",\"contentUrl\":\"https:\/\/inspectbv.be\/wp-content\/uploads\/2025\/08\/Afbeelding1.png\",\"width\":1818,\"height\":1819,\"caption\":\"Inspect BV\"},\"image\":{\"@id\":\"https:\/\/inspectbv.be\/fr\/#\/schema\/logo\/image\/\"},\"sameAs\":[\"https:\/\/www.linkedin.com\/company\/inspect-bv\/\"]}]}<\/script>\n<!-- \/ Yoast SEO plugin. -->","yoast_head_json":{"title":"\u00c0 propos de nous - Inspect BV","description":"Vous souhaitez en savoir plus sur nos services d'essais de mat\u00e9riaux ? Lisez plus ou contactez-nous sans engagement pour votre projet.","robots":{"index":"index","follow":"follow","max-snippet":"max-snippet:-1","max-image-preview":"max-image-preview:large","max-video-preview":"max-video-preview:-1"},"canonical":"https:\/\/inspectbv.be\/fr\/a-propos-de-nous\/","og_locale":"fr_FR","og_type":"article","og_title":"\u00c0 propos de nous - Inspect BV","og_description":"Vous souhaitez en savoir plus sur nos services d'essais de mat\u00e9riaux ? Lisez plus ou contactez-nous sans engagement pour votre projet.","og_url":"https:\/\/inspectbv.be\/fr\/a-propos-de-nous\/","og_site_name":"Inspect BV","article_modified_time":"2025-04-28T12:46:33+00:00","twitter_card":"summary_large_image","twitter_misc":{"Dur\u00e9e de lecture estim\u00e9e":"4 minutes"},"schema":{"@context":"https:\/\/schema.org","@graph":[{"@type":"WebPage","@id":"https:\/\/inspectbv.be\/fr\/a-propos-de-nous\/","url":"https:\/\/inspectbv.be\/fr\/a-propos-de-nous\/","name":"\u00c0 propos de nous - Inspect BV","isPartOf":{"@id":"https:\/\/inspectbv.be\/fr\/#website"},"datePublished":"2018-10-22T12:45:00+00:00","dateModified":"2025-04-28T12:46:33+00:00","description":"Vous souhaitez en savoir plus sur nos services d'essais de mat\u00e9riaux ? Lisez plus ou contactez-nous sans engagement pour votre projet.","breadcrumb":{"@id":"https:\/\/inspectbv.be\/fr\/a-propos-de-nous\/#breadcrumb"},"inLanguage":"fr-FR","potentialAction":[{"@type":"ReadAction","target":["https:\/\/inspectbv.be\/fr\/a-propos-de-nous\/"]}]},{"@type":"BreadcrumbList","@id":"https:\/\/inspectbv.be\/fr\/a-propos-de-nous\/#breadcrumb","itemListElement":[{"@type":"ListItem","position":1,"name":"Home","item":"https:\/\/inspectbv.be\/fr\/"},{"@type":"ListItem","position":2,"name":"A propos de nous"}]},{"@type":"WebSite","@id":"https:\/\/inspectbv.be\/fr\/#website","url":"https:\/\/inspectbv.be\/fr\/","name":"Inspect BV","description":"INSPECT Studiebureau bouwfysica en materiaaltechnisch onderzoek","publisher":{"@id":"https:\/\/inspectbv.be\/fr\/#organization"},"potentialAction":[{"@type":"SearchAction","target":{"@type":"EntryPoint","urlTemplate":"https:\/\/inspectbv.be\/fr\/?s={search_term_string}"},"query-input":{"@type":"PropertyValueSpecification","valueRequired":true,"valueName":"search_term_string"}}],"inLanguage":"fr-FR"},{"@type":"Organization","@id":"https:\/\/inspectbv.be\/fr\/#organization","name":"Inspect BV","url":"https:\/\/inspectbv.be\/fr\/","logo":{"@type":"ImageObject","inLanguage":"fr-FR","@id":"https:\/\/inspectbv.be\/fr\/#\/schema\/logo\/image\/","url":"https:\/\/inspectbv.be\/wp-content\/uploads\/2025\/08\/Afbeelding1.png","contentUrl":"https:\/\/inspectbv.be\/wp-content\/uploads\/2025\/08\/Afbeelding1.png","width":1818,"height":1819,"caption":"Inspect BV"},"image":{"@id":"https:\/\/inspectbv.be\/fr\/#\/schema\/logo\/image\/"},"sameAs":["https:\/\/www.linkedin.com\/company\/inspect-bv\/"]}]}},"jetpack_sharing_enabled":true,"_links":{"self":[{"href":"https:\/\/inspectbv.be\/fr\/wp-json\/wp\/v2\/pages\/8121","targetHints":{"allow":["GET"]}}],"collection":[{"href":"https:\/\/inspectbv.be\/fr\/wp-json\/wp\/v2\/pages"}],"about":[{"href":"https:\/\/inspectbv.be\/fr\/wp-json\/wp\/v2\/types\/page"}],"author":[{"embeddable":true,"href":"https:\/\/inspectbv.be\/fr\/wp-json\/wp\/v2\/users\/1"}],"replies":[{"embeddable":true,"href":"https:\/\/inspectbv.be\/fr\/wp-json\/wp\/v2\/comments?post=8121"}],"version-history":[{"count":3,"href":"https:\/\/inspectbv.be\/fr\/wp-json\/wp\/v2\/pages\/8121\/revisions"}],"predecessor-version":[{"id":8124,"href":"https:\/\/inspectbv.be\/fr\/wp-json\/wp\/v2\/pages\/8121\/revisions\/8124"}],"wp:attachment":[{"href":"https:\/\/inspectbv.be\/fr\/wp-json\/wp\/v2\/media?parent=8121"}],"curies":[{"name":"wp","href":"https:\/\/api.w.org\/{rel}","templated":true}]}}