{"id":8113,"date":"2025-02-24T16:20:12","date_gmt":"2025-02-24T15:20:12","guid":{"rendered":"https:\/\/devinspectbv.w247.be\/surveillance-et-prevention\/"},"modified":"2025-04-28T13:46:08","modified_gmt":"2025-04-28T12:46:08","slug":"surveillance-et-prevention","status":"publish","type":"page","link":"https:\/\/inspectbv.be\/fr\/surveillance-et-prevention\/","title":{"rendered":"Surveillance et pr\u00e9vention"},"content":{"rendered":"<div class=\"wpb-content-wrapper\"><p>[vc_row full_width=&#8221;stretch_row&#8221; css=&#8221;.vc_custom_1734104479241{background-color: #FFFFFF !important;border-color: #FFFFFF !important;}&#8221;][vc_column][vc_row_inner css=&#8221;.vc_custom_1734104468330{padding-top: 100px !important;padding-right: 100px !important;padding-bottom: 80px !important;padding-left: 100px !important;background-color: #FFFFFF !important;border-color: #FFFFFF !important;}&#8221;][vc_column_inner width=&#8221;1\/2&#8243; css=&#8221;.vc_custom_1541584818078{padding-right: 20px !important;}&#8221;]<header class=\"kd-section-title col-lg-12 text-left  kd-animated fadeIn   vc_custom_1740410368074\" data-animation-delay=200><h2 class=\"separator_off\" >Enregistrement de donn\u00e9es<\/h2><\/header>[vc_column_text css=&#8221;&#8221;]<\/p>\n<p class=\"\" style=\"text-align: justify;\" data-start=\"171\" data-end=\"360\">Le suivi \u00e0 long terme \u00e0 l&#8217;aide de capteurs climatiques, tels que des humidim\u00e8tres et des thermocouples, permet de pr\u00e9venir les dommages ou de surveiller l&#8217;effet des interventions.<\/p>\n<p class=\"\" style=\"text-align: justify;\" data-start=\"362\" data-end=\"525\">Nous vous aidons \u00e0 concevoir le syst\u00e8me de surveillance, nous vous conseillons sur les capteurs appropri\u00e9s et nous vous aidons \u00e0 interpr\u00e9ter les donn\u00e9es de mesure souvent complexes.<\/p>\n<p>[\/vc_column_text][vc_empty_space height=&#8221;40px&#8221;][\/vc_column_inner][vc_column_inner width=&#8221;1\/2&#8243; css=&#8221;.vc_custom_1541584821670{padding-left: 20px !important;}&#8221;][vc_single_image image=&#8221;7981&#8243; img_size=&#8221;full&#8221; alignment=&#8221;center&#8221; css_animation=&#8221;fadeIn&#8221; css=&#8221;.vc_custom_1740410534620{padding-left: 20px !important;}&#8221;][vc_empty_space height=&#8221;40px&#8221;][\/vc_column_inner][\/vc_row_inner][\/vc_column][\/vc_row][vc_row full_width=&#8221;stretch_row&#8221;][vc_column][vc_row_inner css=&#8221;.vc_custom_1513720913586{padding-top: 100px !important;padding-right: 100px !important;padding-bottom: 80px !important;padding-left: 100px !important;}&#8221;][vc_column_inner width=&#8221;1\/2&#8243; css=&#8221;.vc_custom_1541584821670{padding-left: 20px !important;}&#8221;][vc_single_image image=&#8221;7990&#8243; img_size=&#8221;full&#8221; alignment=&#8221;center&#8221; css_animation=&#8221;fadeIn&#8221; css=&#8221;.vc_custom_1740410505260{padding-left: 20px !important;}&#8221;][vc_empty_space height=&#8221;40px&#8221;][\/vc_column_inner][vc_column_inner width=&#8221;1\/2&#8243; css=&#8221;.vc_custom_1541584818078{padding-right: 20px !important;}&#8221;]<header class=\"kd-section-title col-lg-12 text-left  kd-animated fadeIn   vc_custom_1740410394330\" data-animation-delay=200><h2 class=\"separator_off\" >Conseils en mati\u00e8re de conservation et de restauration<\/h2><\/header>[vc_column_text css=&#8221;&#8221;]<\/p>\n<p style=\"text-align: justify;\">Nous formulons des recommandations fond\u00e9es pour la pr\u00e9servation et la restauration du patrimoine architectural et des mat\u00e9riaux de construction historiques. Pour ce faire, nous prenons en compte les propri\u00e9t\u00e9s des mat\u00e9riaux, les images des dommages et la valeur patrimoniale du b\u00e2timent. <\/p>\n<p>[\/vc_column_text][vc_empty_space height=&#8221;40px&#8221;][\/vc_column_inner][\/vc_row_inner][\/vc_column][\/vc_row][vc_row][vc_column]<header class=\"kd-section-title col-lg-12 text-center  kd-animated fadeIn   vc_custom_1744379163237\" data-animation-delay=200><h2 class=\"separator_off\" >Comment fonctionne le processus ?<\/h2><\/header>[vc_empty_space height=&#8221;50px&#8221;]<div class=\"kd-timeline timeline-align-zigzag\">\r\n      \t\t\t\t<div class=\"timeline-line\" >\r\n      \t\t\t\t\t<div class=\"timeline-line-inner\"><\/div>\r\n      \t\t\t\t<\/div>\r\n      \t\t\t\t<div class=\"timeline-item\" >\r\n  \t\t\t\t    <div class=\"timeline-item-wrapper \" ><div class=\"timeline-content\"><h4 class=\"timeline-item-title\" >1. Doelstelling en methodiek<\/h4><p class=\"timeline-item-description\" >Samen met de betrokken partners bepalen we welke parameters belangrijk zijn om op te volgen: vocht, temperatuur, zoutverplaatsing, verwering, effectiviteit van behandelingen, enz. Op basis daarvan stellen we een meetstrategie op, afgestemd op het gebouw en het doel van de monitoring.<\/p><\/div><\/div><div class=\"timeline-item-arrow\" ><\/div>\r\n              <div class=\"timeline-item-point\" ><\/div>\r\n      \t\t\t<\/div><div class=\"timeline-item\" >\r\n  \t\t\t\t    <div class=\"timeline-item-wrapper \" ><div class=\"timeline-content\"><h4 class=\"timeline-item-title\" >2. Inrichting en plaatsing meetpunten<\/h4><p class=\"timeline-item-description\" >We installeren sensoren, nemen referentiestalen of bepalen meetzones op of in het gebouw. Dat gebeurt met oog voor discretie en minimale impact, in overeenstemming met de erfgoedcontext.<\/p><\/div><\/div><div class=\"timeline-item-arrow\" ><\/div>\r\n              <div class=\"timeline-item-point\" ><\/div>\r\n      \t\t\t<\/div><div class=\"timeline-item\" >\r\n  \t\t\t\t    <div class=\"timeline-item-wrapper \" ><div class=\"timeline-content\"><h4 class=\"timeline-item-title\" >3. Periodieke opvolging en analyse<\/h4><p class=\"timeline-item-description\" >We verzamelen en interpreteren meetgegevens op vaste tijdstippen of continu, afhankelijk van het systeem. Zo detecteren we evoluties in materiaalgedrag, vochtverspreiding of omgevingsinvloeden, en kunnen we risico\u2019s tijdig inschatten.<\/p><\/div><\/div><div class=\"timeline-item-arrow\" ><\/div>\r\n              <div class=\"timeline-item-point\" ><\/div>\r\n      \t\t\t<\/div><div class=\"timeline-item\" >\r\n  \t\t\t\t    <div class=\"timeline-item-wrapper \" ><div class=\"timeline-content\"><h4 class=\"timeline-item-title\" >4. Rapportage en aanbeveling<\/h4><p class=\"timeline-item-description\" >Op basis van de meetresultaten formuleren we aanbevelingen voor onderhoud, bijkomende ingrepen of aanpassingen in gebruik of ventilatie. Monitoring ondersteunt zo duurzame en doordachte zorg voor erfgoed op lange termijn.<\/p>\n<p>Toepassingen: Evaluatie van droging, Opvolging van consolidaties of injecties, Detectie van seizoensinvloeden of bouwfysische problemen, Langetermijnstrategie voor onderhoudsplanning.<\/p><\/div><\/div><div class=\"timeline-item-arrow\" ><\/div>\r\n              <div class=\"timeline-item-point\" ><\/div>\r\n      \t\t\t<\/div>\r\n      \t\t\t<\/div>[\/vc_column][\/vc_row][vc_row full_width=&#8221;stretch_row&#8221; css=&#8221;.vc_custom_1669214936865{background-color: #f5f5f5 !important;}&#8221;][vc_column][vc_row_inner css=&#8221;.vc_custom_1542887413498{padding-top: 150px !important;padding-bottom: 150px !important;}&#8221;][vc_column_inner width=&#8221;1\/4&#8243;][\/vc_column_inner][vc_column_inner width=&#8221;1\/2&#8243;][vc_empty_space height=&#8221;15px&#8221;][vc_custom_heading text=&#8221;Des questions ou des projets ? N&apos;h\u00e9sitez pas \u00e0 nous contacter &#8211; nous serons heureux de r\u00e9fl\u00e9chir avec vous. &#8221; font_container=&#8221;tag:h3|text_align:center&#8221; use_theme_fonts=&#8221;yes&#8221; css_animation=&#8221;fadeIn&#8221; css=&#8221;.vc_custom_1743759911660{margin-bottom: 35px !important;}&#8221;]<a  href=\"https:\/\/devinspectbv.w247.be\/fr\/contact\/\"  target=\"_self\"  title=\"\" class=\"tt_button tt_primary_button btn_primary_color  button-center button-action-link  kd-animated zoomIn\" data-animation-delay=200><span class=\"prim_text\">Contactez nous<\/span><\/a>[\/vc_column_inner][vc_column_inner width=&#8221;1\/4&#8243;][\/vc_column_inner][\/vc_row_inner][\/vc_column][\/vc_row]<\/p>\n<\/div>","protected":false},"excerpt":{"rendered":"<p>[vc_row full_width=&#8221;stretch_row&#8221; css=&#8221;.vc_custom_1734104479241{background-color: #FFFFFF !important;border-color: #FFFFFF !important;}&#8221;][vc_column][vc_row_inner css=&#8221;.vc_custom_1734104468330{padding-top: 100px !important;padding-right: 100px !important;padding-bottom: 80px !important;padding-left: 100px !important;background-color: #FFFFFF !important;border-color: #FFFFFF !important;}&#8221;][vc_column_inner [&hellip;]<\/p>\n","protected":false},"author":1,"featured_media":0,"parent":0,"menu_order":0,"comment_status":"closed","ping_status":"closed","template":"","meta":{"footnotes":""},"class_list":["post-8113","page","type-page","status-publish","hentry"],"yoast_head":"<!-- This site is optimized with the Yoast SEO plugin v25.3 - https:\/\/yoast.com\/wordpress\/plugins\/seo\/ -->\n<title>Essais de durabilit\u00e9 ou essais de durabilit\u00e9 des mat\u00e9riaux de construction - Inspecter BV<\/title>\n<meta name=\"description\" content=\"Inspect BV est un partenaire exp\u00e9riment\u00e9 dans l&#039;ex\u00e9cution d&#039;essais de durabilit\u00e9 ou d&#039;essais de durabilit\u00e9 pour les mat\u00e9riaux de construction et les types de pierre. Demandez plus d&#039;informations sans engagement.\" \/>\n<meta name=\"robots\" content=\"index, follow, max-snippet:-1, max-image-preview:large, max-video-preview:-1\" \/>\n<link rel=\"canonical\" href=\"https:\/\/inspectbv.be\/fr\/surveillance-et-prevention\/\" \/>\n<meta property=\"og:locale\" content=\"fr_FR\" \/>\n<meta property=\"og:type\" content=\"article\" \/>\n<meta property=\"og:title\" content=\"Essais de durabilit\u00e9 ou essais de durabilit\u00e9 des mat\u00e9riaux de construction - Inspecter BV\" \/>\n<meta property=\"og:description\" content=\"Inspect BV est un partenaire exp\u00e9riment\u00e9 dans l&#039;ex\u00e9cution d&#039;essais de durabilit\u00e9 ou d&#039;essais de durabilit\u00e9 pour les mat\u00e9riaux de construction et les types de pierre. Demandez plus d&#039;informations sans engagement.\" \/>\n<meta property=\"og:url\" content=\"https:\/\/inspectbv.be\/fr\/surveillance-et-prevention\/\" \/>\n<meta property=\"og:site_name\" content=\"Inspect BV\" \/>\n<meta property=\"article:modified_time\" content=\"2025-04-28T12:46:08+00:00\" \/>\n<meta name=\"twitter:card\" content=\"summary_large_image\" \/>\n<meta name=\"twitter:label1\" content=\"Dur\u00e9e de lecture estim\u00e9e\" \/>\n\t<meta name=\"twitter:data1\" content=\"4 minutes\" \/>\n<script type=\"application\/ld+json\" class=\"yoast-schema-graph\">{\"@context\":\"https:\/\/schema.org\",\"@graph\":[{\"@type\":\"WebPage\",\"@id\":\"https:\/\/inspectbv.be\/fr\/surveillance-et-prevention\/\",\"url\":\"https:\/\/inspectbv.be\/fr\/surveillance-et-prevention\/\",\"name\":\"Essais de durabilit\u00e9 ou essais de durabilit\u00e9 des mat\u00e9riaux de construction - Inspecter BV\",\"isPartOf\":{\"@id\":\"https:\/\/inspectbv.be\/fr\/#website\"},\"datePublished\":\"2025-02-24T15:20:12+00:00\",\"dateModified\":\"2025-04-28T12:46:08+00:00\",\"description\":\"Inspect BV est un partenaire exp\u00e9riment\u00e9 dans l'ex\u00e9cution d'essais de durabilit\u00e9 ou d'essais de durabilit\u00e9 pour les mat\u00e9riaux de construction et les types de pierre. Demandez plus d'informations sans engagement.\",\"breadcrumb\":{\"@id\":\"https:\/\/inspectbv.be\/fr\/surveillance-et-prevention\/#breadcrumb\"},\"inLanguage\":\"fr-FR\",\"potentialAction\":[{\"@type\":\"ReadAction\",\"target\":[\"https:\/\/inspectbv.be\/fr\/surveillance-et-prevention\/\"]}]},{\"@type\":\"BreadcrumbList\",\"@id\":\"https:\/\/inspectbv.be\/fr\/surveillance-et-prevention\/#breadcrumb\",\"itemListElement\":[{\"@type\":\"ListItem\",\"position\":1,\"name\":\"Home\",\"item\":\"https:\/\/inspectbv.be\/fr\/\"},{\"@type\":\"ListItem\",\"position\":2,\"name\":\"Surveillance et pr\u00e9vention\"}]},{\"@type\":\"WebSite\",\"@id\":\"https:\/\/inspectbv.be\/fr\/#website\",\"url\":\"https:\/\/inspectbv.be\/fr\/\",\"name\":\"Inspect BV\",\"description\":\"INSPECT Studiebureau bouwfysica en materiaaltechnisch onderzoek\",\"publisher\":{\"@id\":\"https:\/\/inspectbv.be\/fr\/#organization\"},\"potentialAction\":[{\"@type\":\"SearchAction\",\"target\":{\"@type\":\"EntryPoint\",\"urlTemplate\":\"https:\/\/inspectbv.be\/fr\/?s={search_term_string}\"},\"query-input\":{\"@type\":\"PropertyValueSpecification\",\"valueRequired\":true,\"valueName\":\"search_term_string\"}}],\"inLanguage\":\"fr-FR\"},{\"@type\":\"Organization\",\"@id\":\"https:\/\/inspectbv.be\/fr\/#organization\",\"name\":\"Inspect BV\",\"url\":\"https:\/\/inspectbv.be\/fr\/\",\"logo\":{\"@type\":\"ImageObject\",\"inLanguage\":\"fr-FR\",\"@id\":\"https:\/\/inspectbv.be\/fr\/#\/schema\/logo\/image\/\",\"url\":\"https:\/\/inspectbv.be\/wp-content\/uploads\/2025\/08\/Afbeelding1.png\",\"contentUrl\":\"https:\/\/inspectbv.be\/wp-content\/uploads\/2025\/08\/Afbeelding1.png\",\"width\":1818,\"height\":1819,\"caption\":\"Inspect BV\"},\"image\":{\"@id\":\"https:\/\/inspectbv.be\/fr\/#\/schema\/logo\/image\/\"},\"sameAs\":[\"https:\/\/www.linkedin.com\/company\/inspect-bv\/\"]}]}<\/script>\n<!-- \/ Yoast SEO plugin. -->","yoast_head_json":{"title":"Essais de durabilit\u00e9 ou essais de durabilit\u00e9 des mat\u00e9riaux de construction - Inspecter BV","description":"Inspect BV est un partenaire exp\u00e9riment\u00e9 dans l'ex\u00e9cution d'essais de durabilit\u00e9 ou d'essais de durabilit\u00e9 pour les mat\u00e9riaux de construction et les types de pierre. Demandez plus d'informations sans engagement.","robots":{"index":"index","follow":"follow","max-snippet":"max-snippet:-1","max-image-preview":"max-image-preview:large","max-video-preview":"max-video-preview:-1"},"canonical":"https:\/\/inspectbv.be\/fr\/surveillance-et-prevention\/","og_locale":"fr_FR","og_type":"article","og_title":"Essais de durabilit\u00e9 ou essais de durabilit\u00e9 des mat\u00e9riaux de construction - Inspecter BV","og_description":"Inspect BV est un partenaire exp\u00e9riment\u00e9 dans l'ex\u00e9cution d'essais de durabilit\u00e9 ou d'essais de durabilit\u00e9 pour les mat\u00e9riaux de construction et les types de pierre. Demandez plus d'informations sans engagement.","og_url":"https:\/\/inspectbv.be\/fr\/surveillance-et-prevention\/","og_site_name":"Inspect BV","article_modified_time":"2025-04-28T12:46:08+00:00","twitter_card":"summary_large_image","twitter_misc":{"Dur\u00e9e de lecture estim\u00e9e":"4 minutes"},"schema":{"@context":"https:\/\/schema.org","@graph":[{"@type":"WebPage","@id":"https:\/\/inspectbv.be\/fr\/surveillance-et-prevention\/","url":"https:\/\/inspectbv.be\/fr\/surveillance-et-prevention\/","name":"Essais de durabilit\u00e9 ou essais de durabilit\u00e9 des mat\u00e9riaux de construction - Inspecter BV","isPartOf":{"@id":"https:\/\/inspectbv.be\/fr\/#website"},"datePublished":"2025-02-24T15:20:12+00:00","dateModified":"2025-04-28T12:46:08+00:00","description":"Inspect BV est un partenaire exp\u00e9riment\u00e9 dans l'ex\u00e9cution d'essais de durabilit\u00e9 ou d'essais de durabilit\u00e9 pour les mat\u00e9riaux de construction et les types de pierre. Demandez plus d'informations sans engagement.","breadcrumb":{"@id":"https:\/\/inspectbv.be\/fr\/surveillance-et-prevention\/#breadcrumb"},"inLanguage":"fr-FR","potentialAction":[{"@type":"ReadAction","target":["https:\/\/inspectbv.be\/fr\/surveillance-et-prevention\/"]}]},{"@type":"BreadcrumbList","@id":"https:\/\/inspectbv.be\/fr\/surveillance-et-prevention\/#breadcrumb","itemListElement":[{"@type":"ListItem","position":1,"name":"Home","item":"https:\/\/inspectbv.be\/fr\/"},{"@type":"ListItem","position":2,"name":"Surveillance et pr\u00e9vention"}]},{"@type":"WebSite","@id":"https:\/\/inspectbv.be\/fr\/#website","url":"https:\/\/inspectbv.be\/fr\/","name":"Inspect BV","description":"INSPECT Studiebureau bouwfysica en materiaaltechnisch onderzoek","publisher":{"@id":"https:\/\/inspectbv.be\/fr\/#organization"},"potentialAction":[{"@type":"SearchAction","target":{"@type":"EntryPoint","urlTemplate":"https:\/\/inspectbv.be\/fr\/?s={search_term_string}"},"query-input":{"@type":"PropertyValueSpecification","valueRequired":true,"valueName":"search_term_string"}}],"inLanguage":"fr-FR"},{"@type":"Organization","@id":"https:\/\/inspectbv.be\/fr\/#organization","name":"Inspect BV","url":"https:\/\/inspectbv.be\/fr\/","logo":{"@type":"ImageObject","inLanguage":"fr-FR","@id":"https:\/\/inspectbv.be\/fr\/#\/schema\/logo\/image\/","url":"https:\/\/inspectbv.be\/wp-content\/uploads\/2025\/08\/Afbeelding1.png","contentUrl":"https:\/\/inspectbv.be\/wp-content\/uploads\/2025\/08\/Afbeelding1.png","width":1818,"height":1819,"caption":"Inspect BV"},"image":{"@id":"https:\/\/inspectbv.be\/fr\/#\/schema\/logo\/image\/"},"sameAs":["https:\/\/www.linkedin.com\/company\/inspect-bv\/"]}]}},"jetpack_sharing_enabled":true,"_links":{"self":[{"href":"https:\/\/inspectbv.be\/fr\/wp-json\/wp\/v2\/pages\/8113","targetHints":{"allow":["GET"]}}],"collection":[{"href":"https:\/\/inspectbv.be\/fr\/wp-json\/wp\/v2\/pages"}],"about":[{"href":"https:\/\/inspectbv.be\/fr\/wp-json\/wp\/v2\/types\/page"}],"author":[{"embeddable":true,"href":"https:\/\/inspectbv.be\/fr\/wp-json\/wp\/v2\/users\/1"}],"replies":[{"embeddable":true,"href":"https:\/\/inspectbv.be\/fr\/wp-json\/wp\/v2\/comments?post=8113"}],"version-history":[{"count":3,"href":"https:\/\/inspectbv.be\/fr\/wp-json\/wp\/v2\/pages\/8113\/revisions"}],"predecessor-version":[{"id":8116,"href":"https:\/\/inspectbv.be\/fr\/wp-json\/wp\/v2\/pages\/8113\/revisions\/8116"}],"wp:attachment":[{"href":"https:\/\/inspectbv.be\/fr\/wp-json\/wp\/v2\/media?parent=8113"}],"curies":[{"name":"wp","href":"https:\/\/api.w.org\/{rel}","templated":true}]}}