{"id":8080,"date":"2024-12-16T10:47:31","date_gmt":"2024-12-16T09:47:31","guid":{"rendered":"https:\/\/devinspectbv.w247.be\/resistance-au-forage\/"},"modified":"2025-04-28T13:43:19","modified_gmt":"2025-04-28T12:43:19","slug":"resistance-au-forage","status":"publish","type":"page","link":"https:\/\/inspectbv.be\/fr\/resistance-au-forage\/","title":{"rendered":"R\u00e9sistance au forage"},"content":{"rendered":"<div class=\"wpb-content-wrapper\"><p>[vc_row full_width=&#8221;stretch_row&#8221; css=&#8221;.vc_custom_1734104479241{background-color: #FFFFFF !important;border-color: #FFFFFF !important;}&#8221;][vc_column][vc_row_inner css=&#8221;.vc_custom_1734104468330{padding-top: 100px !important;padding-right: 100px !important;padding-bottom: 80px !important;padding-left: 100px !important;background-color: #FFFFFF !important;border-color: #FFFFFF !important;}&#8221;][vc_column_inner width=&#8221;1\/2&#8243; css=&#8221;.vc_custom_1541584818078{padding-right: 20px !important;}&#8221;]<header class=\"kd-section-title col-lg-12 text-left  kd-animated fadeIn   vc_custom_1744372190387\" data-animation-delay=200><h2 class=\"separator_off\" >Duret\u00e9 de la surface<\/h2><\/header>[vc_column_text css=&#8221;&#8221;]Le test de r\u00e9sistance au forage (DRMS) est une m\u00e9thode de recherche utilis\u00e9e pour mesurer la duret\u00e9 et la durabilit\u00e9 de la roche. Ce test fournit des informations pr\u00e9cieuses sur les propri\u00e9t\u00e9s de la pierre naturelle et est souvent utilis\u00e9 dans la construction, la restauration et les \u00e9tudes g\u00e9ologiques. <\/p>\n<p data-pm-slice=\"1 1 []\">Dans les projets o\u00f9 la pierre naturelle est utilis\u00e9e, comme les rev\u00eatements, les sols ou les monuments, il est essentiel de conna\u00eetre la solidit\u00e9 et la r\u00e9sistance de la pierre.<\/p>\n<p data-pm-slice=\"1 1 []\">Un DRMS permet de d\u00e9terminer si un type de pierre donn\u00e9 convient \u00e0 une application sp\u00e9cifique. Ce test est \u00e9galement utile pour la pr\u00e9servation des b\u00e2timents historiques, car il montre la r\u00e9sistance de la pierre aux intemp\u00e9ries et \u00e0 l&#8217;usure. <\/p>\n<p>[\/vc_column_text][vc_empty_space height=&#8221;40px&#8221;][\/vc_column_inner][vc_column_inner width=&#8221;1\/2&#8243; css=&#8221;.vc_custom_1541584821670{padding-left: 20px !important;}&#8221;][vc_single_image image=&#8221;7979&#8243; img_size=&#8221;full&#8221; alignment=&#8221;center&#8221; css_animation=&#8221;fadeIn&#8221; css=&#8221;.vc_custom_1740413440472{padding-left: 20px !important;}&#8221;][vc_empty_space height=&#8221;40px&#8221;][\/vc_column_inner][\/vc_row_inner][\/vc_column][\/vc_row][vc_row full_width=&#8221;stretch_row&#8221;][vc_column][vc_row_inner css=&#8221;.vc_custom_1513720913586{padding-top: 100px !important;padding-right: 100px !important;padding-bottom: 80px !important;padding-left: 100px !important;}&#8221;][vc_column_inner width=&#8221;1\/2&#8243; css=&#8221;.vc_custom_1541584821670{padding-left: 20px !important;}&#8221;][vc_single_image image=&#8221;7941&#8243; img_size=&#8221;full&#8221; alignment=&#8221;center&#8221; css_animation=&#8221;fadeIn&#8221; css=&#8221;.vc_custom_1734102684501{padding-left: 20px !important;}&#8221;][vc_empty_space height=&#8221;40px&#8221;][\/vc_column_inner][vc_column_inner width=&#8221;1\/2&#8243; css=&#8221;.vc_custom_1541584818078{padding-right: 20px !important;}&#8221;]<header class=\"kd-section-title col-lg-12 text-left  kd-animated fadeIn   vc_custom_1734345194209\" data-animation-delay=200><h2 class=\"separator_off\" >Plus pr\u00e9cis\u00e9ment, qu&#039;est-ce qu&#039;on teste avec un DRMS ?<\/h2><\/header>[vc_column_text css=&#8221;&#8221;]Lors d&#8217;un test de r\u00e9sistance au forage, un tr\u00e9pan est for\u00e9 dans la roche \u00e0 une vitesse et une pression constantes. Au fur et \u00e0 mesure que le foret avance, la r\u00e9sistance offerte par la roche est mesur\u00e9e en continu. Cette r\u00e9sistance est une indication directe de la duret\u00e9 de la roche.  <\/p>\n<p>Le test mesure deux param\u00e8tres cl\u00e9s :<\/p>\n<ul>\n<li><strong>Vitesse de forage :<\/strong> vitesse \u00e0 laquelle le foret traverse la roche.<\/li>\n<li><strong>Force de forage :<\/strong> la force n\u00e9cessaire pour que le tr\u00e9pan p\u00e9n\u00e8tre dans le sol.<\/li>\n<\/ul>\n<p>Les deux valeurs sont enregistr\u00e9es num\u00e9riquement et affich\u00e9es sous forme de graphiques. Cela permet de voir les variations de duret\u00e9 au sein d&#8217;une m\u00eame roche, ce qui est important pour une \u00e9valuation fiable.[\/vc_column_text][vc_empty_space height=&#8221;40px&#8221;][\/vc_column_inner][\/vc_row_inner][\/vc_column][\/vc_row][vc_row css=&#8221;.vc_custom_1734104493974{background-color: #FFFFFF !important;border-color: #FFFFFF !important;}&#8221;][vc_column]\r\n            <div class=\"kd-process-steps process_four_elem process-checkbox-template \">\r\n                <ul>\r\n                <li class=\"pss-item  \"  >\r\n                    <div class=\"pss-container\"><div class=\"pss-step-number\"><span >1<\/span><\/div><div class=\"pss-text-area\">\r\n                            <h5 >Mise en place de tests sur site ou \u00e9chantillonnage pour le laboratoire<\/h5>\r\n                            <p >Un essai peut \u00eatre organis\u00e9 sur place ou dans un laboratoire.<\/p><\/div>\r\n                    <\/div>\r\n                <\/li>\r\n                <li class=\"pss-item  \"  >\r\n                    <div class=\"pss-container\"><div class=\"pss-step-number\"><span >2<\/span><\/div><div class=\"pss-text-area\">\r\n                            <h5 >Pr\u00e9paration du test<\/h5>\r\n                            <p >Pour une mesure pr\u00e9cise, la surface d&#039;essai doit \u00eatre correctement pr\u00e9par\u00e9e. La roche doit \u00eatre propre, s\u00e8che et exempte de salet\u00e9s ou de particules d\u00e9tach\u00e9es. Cela permet d&#039;\u00e9viter les erreurs de mesure et de garantir des r\u00e9sultats fiables.  <\/p><\/div>\r\n                    <\/div>\r\n                <\/li>\r\n                <li class=\"pss-item  \"  >\r\n                    <div class=\"pss-container\"><div class=\"pss-step-number\"><span >3<\/span><\/div><div class=\"pss-text-area\">\r\n                            <h5 >Interpr\u00e9tation des r\u00e9sultats<\/h5>\r\n                            <p >Apr\u00e8s le test, les donn\u00e9es mesur\u00e9es sont analys\u00e9es. Une r\u00e9sistance \u00e9lev\u00e9e indique une roche dure et durable, tandis qu&#039;une r\u00e9sistance faible indique une roche plus tendre et moins r\u00e9sistante \u00e0 l&#039;usure. En combinant ces donn\u00e9es avec des inspections visuelles et d&#039;autres tests en laboratoire, les experts peuvent obtenir une image compl\u00e8te de la qualit\u00e9 de la roche.  &lt;br&gt;<br \/>\n<\/p><\/div>\r\n                    <\/div>\r\n                <\/li>\r\n                <li class=\"pss-item  \"  >\r\n                    <div class=\"pss-container\"><div class=\"pss-step-number\"><span >3<\/span><\/div><div class=\"pss-text-area\">\r\n                            <h5 >Rapport<\/h5>\r\n                            <p >Les r\u00e9sultats sont pr\u00e9sent\u00e9s de mani\u00e8re pratique et nous formulons les recommandations n\u00e9cessaires dans le cadre de la suite du projet.<\/p><\/div>\r\n                    <\/div>\r\n                <\/li><\/ul>\r\n            <\/div>[\/vc_column][\/vc_row][vc_row full_width=&#8221;stretch_row&#8221;][vc_column][vc_row_inner css=&#8221;.vc_custom_1513720913586{padding-top: 100px !important;padding-right: 100px !important;padding-bottom: 80px !important;padding-left: 100px !important;}&#8221;][vc_column_inner width=&#8221;1\/2&#8243; css=&#8221;.vc_custom_1541584818078{padding-right: 20px !important;}&#8221;]<header class=\"kd-section-title col-lg-12 text-left  kd-animated fadeIn   vc_custom_1734345275918\" data-animation-delay=200><h2 class=\"separator_off\" >Avantages de la m\u00e9thode DRMS<\/h2><\/header>[vc_column_text css=&#8221;&#8221;]Non destructif : le test n&#8217;endommage que tr\u00e8s peu la roche, ce qui est important dans les b\u00e2timents historiques.<\/p>\n<p>Fiable et pr\u00e9cis : la mesure de la r\u00e9sistance au forage fournit des informations d\u00e9taill\u00e9es.<\/p>\n<p>Flexible : convient \u00e0 une large gamme de mat\u00e9riaux pierreux, du calcaire tendre au granit dur.<\/p>\n<h3>Limites du test<\/h3>\n<p>Bien que le test DRMS soit tr\u00e8s utile, il pr\u00e9sente \u00e9galement certaines limites :<\/p>\n<p>Variations locales possibles : la roche peut pr\u00e9senter des diff\u00e9rences de duret\u00e9 \u00e0 l&#8217;int\u00e9rieur d&#8217;un m\u00eame bloc.<\/p>\n<p>Influence de l&#8217;humidit\u00e9 : les roches qui ont absorb\u00e9 une certaine quantit\u00e9 d&#8217;humidit\u00e9 peuvent pr\u00e9senter une r\u00e9sistance diff\u00e9rente de celle obtenue dans des conditions plus s\u00e8ches.<\/p>\n<p>Dommages mineurs : bien que le test soit non destructif, la perceuse laisse naturellement un petit trou.[\/vc_column_text][vc_empty_space height=&#8221;40px&#8221;][\/vc_column_inner][vc_column_inner width=&#8221;1\/2&#8243; css=&#8221;.vc_custom_1541584821670{padding-left: 20px !important;}&#8221;][vc_single_image image=&#8221;7941&#8243; img_size=&#8221;full&#8221; alignment=&#8221;center&#8221; css_animation=&#8221;fadeIn&#8221; css=&#8221;.vc_custom_1734102684501{padding-left: 20px !important;}&#8221;][vc_empty_space height=&#8221;40px&#8221;][\/vc_column_inner][\/vc_row_inner][\/vc_column][\/vc_row][vc_row full_width=&#8221;stretch_row&#8221; css=&#8221;.vc_custom_1734104279299{background-color: #FFFFFF !important;}&#8221;][vc_column][vc_row_inner css=&#8221;.vc_custom_1513720913586{padding-top: 100px !important;padding-right: 100px !important;padding-bottom: 80px !important;padding-left: 100px !important;}&#8221;][vc_column_inner width=&#8221;1\/2&#8243; css=&#8221;.vc_custom_1541584821670{padding-left: 20px !important;}&#8221;][vc_single_image image=&#8221;7941&#8243; img_size=&#8221;full&#8221; alignment=&#8221;center&#8221; css_animation=&#8221;fadeIn&#8221; css=&#8221;.vc_custom_1734102684501{padding-left: 20px !important;}&#8221;][vc_empty_space height=&#8221;40px&#8221;][\/vc_column_inner][vc_column_inner width=&#8221;1\/2&#8243; css=&#8221;.vc_custom_1541584818078{padding-right: 20px !important;}&#8221;]<header class=\"kd-section-title col-lg-12 text-left  kd-animated fadeIn   vc_custom_1734345636442\" data-animation-delay=200><h2 class=\"separator_off\" >Applications du DRMS<\/h2><\/header>[vc_column_text css=&#8221;&#8221;]Les tests de r\u00e9sistance au forage sont appliqu\u00e9s de diff\u00e9rentes mani\u00e8res, notamment :<\/p>\n<ul>\n<li>Projets de construction : pour v\u00e9rifier l&#8217;ad\u00e9quation de la pierre naturelle \u00e0 des applications structurelles.<\/li>\n<li>Restauration de monuments : pour d\u00e9terminer, par exemple, \u00e0 quel point une pierre a \u00e9t\u00e9 affect\u00e9e par les intemp\u00e9ries.<\/li>\n<li>\u00c9tudes g\u00e9ologiques : pour la classification et l&#8217;analyse des couches rocheuses.<\/li>\n<\/ul>\n<p>[\/vc_column_text][vc_empty_space height=&#8221;40px&#8221;][\/vc_column_inner][\/vc_row_inner][\/vc_column][\/vc_row][vc_row full_width=&#8221;stretch_row&#8221; css=&#8221;.vc_custom_1669214936865{background-color: #f5f5f5 !important;}&#8221;][vc_column][vc_row_inner css=&#8221;.vc_custom_1542887413498{padding-top: 150px !important;padding-bottom: 150px !important;}&#8221;][vc_column_inner width=&#8221;1\/4&#8243;][\/vc_column_inner][vc_column_inner width=&#8221;1\/2&#8243;][vc_empty_space height=&#8221;15px&#8221;][vc_custom_heading text=&#8221;Vous souhaitez faire appel \u00e0 nous ? N&apos;h\u00e9sitez pas \u00e0 nous contacter &#8221; font_container=&#8221;tag:h3|text_align:center&#8221; use_theme_fonts=&#8221;yes&#8221; css_animation=&#8221;fadeIn&#8221; css=&#8221;.vc_custom_1733841004973{margin-bottom: 35px !important;}&#8221;]<a  href=\"https:\/\/devinspectbv.w247.be\/fr\/contact\/\"  target=\"_self\"  title=\"\" class=\"tt_button tt_primary_button btn_primary_color  button-center button-action-link  kd-animated zoomIn\" data-animation-delay=200><span class=\"prim_text\">Contactez nous<\/span><\/a>[\/vc_column_inner][vc_column_inner width=&#8221;1\/4&#8243;][\/vc_column_inner][\/vc_row_inner][\/vc_column][\/vc_row]<\/p>\n<\/div>","protected":false},"excerpt":{"rendered":"<p>[vc_row full_width=&#8221;stretch_row&#8221; css=&#8221;.vc_custom_1734104479241{background-color: #FFFFFF !important;border-color: #FFFFFF !important;}&#8221;][vc_column][vc_row_inner css=&#8221;.vc_custom_1734104468330{padding-top: 100px !important;padding-right: 100px !important;padding-bottom: 80px !important;padding-left: 100px !important;background-color: #FFFFFF !important;border-color: #FFFFFF !important;}&#8221;][vc_column_inner [&hellip;]<\/p>\n","protected":false},"author":1,"featured_media":0,"parent":0,"menu_order":0,"comment_status":"closed","ping_status":"closed","template":"","meta":{"footnotes":""},"class_list":["post-8080","page","type-page","status-publish","hentry"],"yoast_head":"<!-- This site is optimized with the Yoast SEO plugin v25.3 - https:\/\/yoast.com\/wordpress\/plugins\/seo\/ -->\n<title>Essais de r\u00e9sistance au forage pour les roches - Inspect BV<\/title>\n<meta name=\"description\" content=\"Inspect BV r\u00e9alise des essais de r\u00e9sistance au forage pour mesurer la duret\u00e9 des roches. Contactez-nous pour plus d&#039;informations sur nos tests et enqu\u00eates.\" \/>\n<meta name=\"robots\" content=\"index, follow, max-snippet:-1, max-image-preview:large, max-video-preview:-1\" \/>\n<link rel=\"canonical\" href=\"https:\/\/inspectbv.be\/fr\/resistance-au-forage\/\" \/>\n<meta property=\"og:locale\" content=\"fr_FR\" \/>\n<meta property=\"og:type\" content=\"article\" \/>\n<meta property=\"og:title\" content=\"Essais de r\u00e9sistance au forage pour les roches - Inspect BV\" \/>\n<meta property=\"og:description\" content=\"Inspect BV r\u00e9alise des essais de r\u00e9sistance au forage pour mesurer la duret\u00e9 des roches. Contactez-nous pour plus d&#039;informations sur nos tests et enqu\u00eates.\" \/>\n<meta property=\"og:url\" content=\"https:\/\/inspectbv.be\/fr\/resistance-au-forage\/\" \/>\n<meta property=\"og:site_name\" content=\"Inspect BV\" \/>\n<meta property=\"article:modified_time\" content=\"2025-04-28T12:43:19+00:00\" \/>\n<meta name=\"twitter:card\" content=\"summary_large_image\" \/>\n<meta name=\"twitter:label1\" content=\"Dur\u00e9e de lecture estim\u00e9e\" \/>\n\t<meta name=\"twitter:data1\" content=\"8 minutes\" \/>\n<script type=\"application\/ld+json\" class=\"yoast-schema-graph\">{\"@context\":\"https:\/\/schema.org\",\"@graph\":[{\"@type\":\"WebPage\",\"@id\":\"https:\/\/inspectbv.be\/fr\/resistance-au-forage\/\",\"url\":\"https:\/\/inspectbv.be\/fr\/resistance-au-forage\/\",\"name\":\"Essais de r\u00e9sistance au forage pour les roches - Inspect BV\",\"isPartOf\":{\"@id\":\"https:\/\/inspectbv.be\/fr\/#website\"},\"datePublished\":\"2024-12-16T09:47:31+00:00\",\"dateModified\":\"2025-04-28T12:43:19+00:00\",\"description\":\"Inspect BV r\u00e9alise des essais de r\u00e9sistance au forage pour mesurer la duret\u00e9 des roches. Contactez-nous pour plus d'informations sur nos tests et enqu\u00eates.\",\"breadcrumb\":{\"@id\":\"https:\/\/inspectbv.be\/fr\/resistance-au-forage\/#breadcrumb\"},\"inLanguage\":\"fr-FR\",\"potentialAction\":[{\"@type\":\"ReadAction\",\"target\":[\"https:\/\/inspectbv.be\/fr\/resistance-au-forage\/\"]}]},{\"@type\":\"BreadcrumbList\",\"@id\":\"https:\/\/inspectbv.be\/fr\/resistance-au-forage\/#breadcrumb\",\"itemListElement\":[{\"@type\":\"ListItem\",\"position\":1,\"name\":\"Home\",\"item\":\"https:\/\/inspectbv.be\/fr\/\"},{\"@type\":\"ListItem\",\"position\":2,\"name\":\"R\u00e9sistance au forage\"}]},{\"@type\":\"WebSite\",\"@id\":\"https:\/\/inspectbv.be\/fr\/#website\",\"url\":\"https:\/\/inspectbv.be\/fr\/\",\"name\":\"Inspect BV\",\"description\":\"INSPECT Studiebureau bouwfysica en materiaaltechnisch onderzoek\",\"publisher\":{\"@id\":\"https:\/\/inspectbv.be\/fr\/#organization\"},\"potentialAction\":[{\"@type\":\"SearchAction\",\"target\":{\"@type\":\"EntryPoint\",\"urlTemplate\":\"https:\/\/inspectbv.be\/fr\/?s={search_term_string}\"},\"query-input\":{\"@type\":\"PropertyValueSpecification\",\"valueRequired\":true,\"valueName\":\"search_term_string\"}}],\"inLanguage\":\"fr-FR\"},{\"@type\":\"Organization\",\"@id\":\"https:\/\/inspectbv.be\/fr\/#organization\",\"name\":\"Inspect BV\",\"url\":\"https:\/\/inspectbv.be\/fr\/\",\"logo\":{\"@type\":\"ImageObject\",\"inLanguage\":\"fr-FR\",\"@id\":\"https:\/\/inspectbv.be\/fr\/#\/schema\/logo\/image\/\",\"url\":\"https:\/\/inspectbv.be\/wp-content\/uploads\/2025\/08\/Afbeelding1.png\",\"contentUrl\":\"https:\/\/inspectbv.be\/wp-content\/uploads\/2025\/08\/Afbeelding1.png\",\"width\":1818,\"height\":1819,\"caption\":\"Inspect BV\"},\"image\":{\"@id\":\"https:\/\/inspectbv.be\/fr\/#\/schema\/logo\/image\/\"},\"sameAs\":[\"https:\/\/www.linkedin.com\/company\/inspect-bv\/\"]}]}<\/script>\n<!-- \/ Yoast SEO plugin. -->","yoast_head_json":{"title":"Essais de r\u00e9sistance au forage pour les roches - Inspect BV","description":"Inspect BV r\u00e9alise des essais de r\u00e9sistance au forage pour mesurer la duret\u00e9 des roches. Contactez-nous pour plus d'informations sur nos tests et enqu\u00eates.","robots":{"index":"index","follow":"follow","max-snippet":"max-snippet:-1","max-image-preview":"max-image-preview:large","max-video-preview":"max-video-preview:-1"},"canonical":"https:\/\/inspectbv.be\/fr\/resistance-au-forage\/","og_locale":"fr_FR","og_type":"article","og_title":"Essais de r\u00e9sistance au forage pour les roches - Inspect BV","og_description":"Inspect BV r\u00e9alise des essais de r\u00e9sistance au forage pour mesurer la duret\u00e9 des roches. Contactez-nous pour plus d'informations sur nos tests et enqu\u00eates.","og_url":"https:\/\/inspectbv.be\/fr\/resistance-au-forage\/","og_site_name":"Inspect BV","article_modified_time":"2025-04-28T12:43:19+00:00","twitter_card":"summary_large_image","twitter_misc":{"Dur\u00e9e de lecture estim\u00e9e":"8 minutes"},"schema":{"@context":"https:\/\/schema.org","@graph":[{"@type":"WebPage","@id":"https:\/\/inspectbv.be\/fr\/resistance-au-forage\/","url":"https:\/\/inspectbv.be\/fr\/resistance-au-forage\/","name":"Essais de r\u00e9sistance au forage pour les roches - Inspect BV","isPartOf":{"@id":"https:\/\/inspectbv.be\/fr\/#website"},"datePublished":"2024-12-16T09:47:31+00:00","dateModified":"2025-04-28T12:43:19+00:00","description":"Inspect BV r\u00e9alise des essais de r\u00e9sistance au forage pour mesurer la duret\u00e9 des roches. Contactez-nous pour plus d'informations sur nos tests et enqu\u00eates.","breadcrumb":{"@id":"https:\/\/inspectbv.be\/fr\/resistance-au-forage\/#breadcrumb"},"inLanguage":"fr-FR","potentialAction":[{"@type":"ReadAction","target":["https:\/\/inspectbv.be\/fr\/resistance-au-forage\/"]}]},{"@type":"BreadcrumbList","@id":"https:\/\/inspectbv.be\/fr\/resistance-au-forage\/#breadcrumb","itemListElement":[{"@type":"ListItem","position":1,"name":"Home","item":"https:\/\/inspectbv.be\/fr\/"},{"@type":"ListItem","position":2,"name":"R\u00e9sistance au forage"}]},{"@type":"WebSite","@id":"https:\/\/inspectbv.be\/fr\/#website","url":"https:\/\/inspectbv.be\/fr\/","name":"Inspect BV","description":"INSPECT Studiebureau bouwfysica en materiaaltechnisch onderzoek","publisher":{"@id":"https:\/\/inspectbv.be\/fr\/#organization"},"potentialAction":[{"@type":"SearchAction","target":{"@type":"EntryPoint","urlTemplate":"https:\/\/inspectbv.be\/fr\/?s={search_term_string}"},"query-input":{"@type":"PropertyValueSpecification","valueRequired":true,"valueName":"search_term_string"}}],"inLanguage":"fr-FR"},{"@type":"Organization","@id":"https:\/\/inspectbv.be\/fr\/#organization","name":"Inspect BV","url":"https:\/\/inspectbv.be\/fr\/","logo":{"@type":"ImageObject","inLanguage":"fr-FR","@id":"https:\/\/inspectbv.be\/fr\/#\/schema\/logo\/image\/","url":"https:\/\/inspectbv.be\/wp-content\/uploads\/2025\/08\/Afbeelding1.png","contentUrl":"https:\/\/inspectbv.be\/wp-content\/uploads\/2025\/08\/Afbeelding1.png","width":1818,"height":1819,"caption":"Inspect BV"},"image":{"@id":"https:\/\/inspectbv.be\/fr\/#\/schema\/logo\/image\/"},"sameAs":["https:\/\/www.linkedin.com\/company\/inspect-bv\/"]}]}},"jetpack_sharing_enabled":true,"_links":{"self":[{"href":"https:\/\/inspectbv.be\/fr\/wp-json\/wp\/v2\/pages\/8080","targetHints":{"allow":["GET"]}}],"collection":[{"href":"https:\/\/inspectbv.be\/fr\/wp-json\/wp\/v2\/pages"}],"about":[{"href":"https:\/\/inspectbv.be\/fr\/wp-json\/wp\/v2\/types\/page"}],"author":[{"embeddable":true,"href":"https:\/\/inspectbv.be\/fr\/wp-json\/wp\/v2\/users\/1"}],"replies":[{"embeddable":true,"href":"https:\/\/inspectbv.be\/fr\/wp-json\/wp\/v2\/comments?post=8080"}],"version-history":[{"count":3,"href":"https:\/\/inspectbv.be\/fr\/wp-json\/wp\/v2\/pages\/8080\/revisions"}],"predecessor-version":[{"id":8083,"href":"https:\/\/inspectbv.be\/fr\/wp-json\/wp\/v2\/pages\/8080\/revisions\/8083"}],"wp:attachment":[{"href":"https:\/\/inspectbv.be\/fr\/wp-json\/wp\/v2\/media?parent=8080"}],"curies":[{"name":"wp","href":"https:\/\/api.w.org\/{rel}","templated":true}]}}